{"id":202,"date":"2026-02-20T14:55:13","date_gmt":"2026-02-20T14:55:13","guid":{"rendered":"http:\/\/ymfdzzk.cluster100.hosting.ovh.net\/?page_id=202"},"modified":"2026-04-22T12:41:00","modified_gmt":"2026-04-22T12:41:00","slug":"ateliers","status":"publish","type":"page","link":"https:\/\/xn--aucoeurdegaa-tgb.fr\/index.php\/ateliers\/","title":{"rendered":"Ateliers"},"content":{"rendered":"\t\t<div data-elementor-type=\"wp-page\" data-elementor-id=\"202\" class=\"elementor elementor-202\">\n\t\t\t\t<div class=\"elementor-element elementor-element-41c64ed e-flex e-con-boxed wpr-particle-no wpr-jarallax-no wpr-parallax-no wpr-sticky-section-no wpr-equal-height-no e-con e-parent\" data-id=\"41c64ed\" data-element_type=\"container\" data-e-type=\"container\" id=\"Au_Coeur_de_Gaia\" data-settings=\"{&quot;background_background&quot;:&quot;classic&quot;}\">\n\t\t\t\t\t<div class=\"e-con-inner\">\n\t\t\t\t<div class=\"elementor-element elementor-element-27cd1e6 elementor-invisible elementor-widget elementor-widget-heading\" data-id=\"27cd1e6\" data-element_type=\"widget\" data-e-type=\"widget\" data-settings=\"{&quot;_animation&quot;:&quot;fadeInLeft&quot;}\" data-widget_type=\"heading.default\">\n\t\t\t\t\t<h2 class=\"elementor-heading-title elementor-size-default\">Nos ateliers<\/h2>\t\t\t\t<\/div>\n\t\t\t\t<div class=\"elementor-element elementor-element-abbebe2 elementor-invisible elementor-widget elementor-widget-text-editor\" data-id=\"abbebe2\" data-element_type=\"widget\" data-e-type=\"widget\" data-settings=\"{&quot;_animation&quot;:&quot;fadeInLeft&quot;}\" data-widget_type=\"text-editor.default\">\n\t\t\t\t\t\t\t\t\t<p>Sur cette page, vous aurez les informations sur nos diff\u00e9rents ateliers.<\/p>\t\t\t\t\t\t\t\t<\/div>\n\t\t\t\t\t<\/div>\n\t\t\t\t<\/div>\n\t\t<div class=\"elementor-element elementor-element-bd90fc9 e-flex e-con-boxed wpr-particle-no wpr-jarallax-no wpr-parallax-no wpr-sticky-section-no wpr-equal-height-no e-con e-parent\" data-id=\"bd90fc9\" data-element_type=\"container\" data-e-type=\"container\" id=\"pierre_et_objets\" data-settings=\"{&quot;background_background&quot;:&quot;classic&quot;}\">\n\t\t\t\t\t<div class=\"e-con-inner\">\n\t\t<div class=\"elementor-element elementor-element-377a0e8 e-con-full e-flex wpr-particle-no wpr-jarallax-no wpr-parallax-no wpr-sticky-section-no wpr-equal-height-no e-con e-child\" data-id=\"377a0e8\" data-element_type=\"container\" data-e-type=\"container\">\n\t\t\t\t<div class=\"elementor-element elementor-element-4c7bc25 elementor-widget elementor-widget-heading\" data-id=\"4c7bc25\" data-element_type=\"widget\" data-e-type=\"widget\" data-widget_type=\"heading.default\">\n\t\t\t\t\t<h1 class=\"elementor-heading-title elementor-size-default\">Ateliers lithoth\u00e9rapie et bien\u2011\u00eatre: \n\u00c0 venir prochainement !<\/h1>\t\t\t\t<\/div>\n\t\t\t\t<\/div>\n\t\t<div class=\"elementor-element elementor-element-14413db e-con-full e-flex wpr-particle-no wpr-jarallax-no wpr-parallax-no wpr-sticky-section-no wpr-equal-height-no e-con e-child\" data-id=\"14413db\" data-element_type=\"container\" data-e-type=\"container\">\n\t\t\t\t<div class=\"elementor-element elementor-element-2e95973 elementor-widget elementor-widget-text-editor\" data-id=\"2e95973\" data-element_type=\"widget\" data-e-type=\"widget\" data-widget_type=\"text-editor.default\">\n\t\t\t\t\t\t\t\t\t<p>Nous publierons ici les ateliers \u00e0 venir et les ateliers pass\u00e9s, \u00e7a arrive prochainement.<\/p>\t\t\t\t\t\t\t\t<\/div>\n\t\t\t\t<div class=\"elementor-element elementor-element-1b2bbce elementor-align-center elementor-widget elementor-widget-button\" data-id=\"1b2bbce\" data-element_type=\"widget\" data-e-type=\"widget\" data-widget_type=\"button.default\">\n\t\t\t\t\t\t\t\t\t\t<a class=\"elementor-button elementor-size-sm elementor-animation-grow\" role=\"button\">\n\t\t\t\t\t\t<span class=\"elementor-button-content-wrapper\">\n\t\t\t\t\t\t\t\t\t<span class=\"elementor-button-text\">S'inscrire<\/span>\n\t\t\t\t\t<\/span>\n\t\t\t\t\t<\/a>\n\t\t\t\t\t\t\t\t<\/div>\n\t\t\t\t<\/div>\n\t\t\t\t\t<\/div>\n\t\t\t\t<\/div>\n\t\t\t\t<\/div>\n\t\t","protected":false},"excerpt":{"rendered":"<p>Nos ateliers Sur cette page, vous aurez les informations sur nos diff\u00e9rents ateliers. Ateliers lithoth\u00e9rapie et bien\u2011\u00eatre: \u00c0 venir prochainement ! Nous publierons ici les ateliers \u00e0 venir et les ateliers pass\u00e9s, \u00e7a arrive prochainement. S&#8217;inscrire<\/p>\n","protected":false},"author":1,"featured_media":0,"parent":0,"menu_order":0,"comment_status":"closed","ping_status":"closed","template":"elementor_header_footer","meta":{"site-sidebar-layout":"no-sidebar","site-content-layout":"","ast-site-content-layout":"full-width-container","site-content-style":"default","site-sidebar-style":"default","ast-global-header-display":"","ast-banner-title-visibility":"","ast-main-header-display":"","ast-hfb-above-header-display":"","ast-hfb-below-header-display":"","ast-hfb-mobile-header-display":"","site-post-title":"","ast-breadcrumbs-content":"","ast-featured-img":"disabled","footer-sml-layout":"","ast-disable-related-posts":"","theme-transparent-header-meta":"","adv-header-id-meta":"","stick-header-meta":"","header-above-stick-meta":"","header-main-stick-meta":"","header-below-stick-meta":"","astra-migrate-meta-layouts":"default","ast-page-background-enabled":"default","ast-page-background-meta":{"desktop":{"background-color":"var(--ast-global-color-5)","background-image":"","background-repeat":"repeat","background-position":"center center","background-size":"auto","background-attachment":"scroll","background-type":"","background-media":"","overlay-type":"","overlay-color":"","overlay-opacity":"","overlay-gradient":""},"tablet":{"background-color":"","background-image":"","background-repeat":"repeat","background-position":"center center","background-size":"auto","background-attachment":"scroll","background-type":"","background-media":"","overlay-type":"","overlay-color":"","overlay-opacity":"","overlay-gradient":""},"mobile":{"background-color":"","background-image":"","background-repeat":"repeat","background-position":"center center","background-size":"auto","background-attachment":"scroll","background-type":"","background-media":"","overlay-type":"","overlay-color":"","overlay-opacity":"","overlay-gradient":""}},"ast-content-background-meta":{"desktop":{"background-color":"var(--ast-global-color-4)","background-image":"","background-repeat":"repeat","background-position":"center center","background-size":"auto","background-attachment":"scroll","background-type":"","background-media":"","overlay-type":"","overlay-color":"","overlay-opacity":"","overlay-gradient":""},"tablet":{"background-color":"var(--ast-global-color-4)","background-image":"","background-repeat":"repeat","background-position":"center center","background-size":"auto","background-attachment":"scroll","background-type":"","background-media":"","overlay-type":"","overlay-color":"","overlay-opacity":"","overlay-gradient":""},"mobile":{"background-color":"var(--ast-global-color-4)","background-image":"","background-repeat":"repeat","background-position":"center center","background-size":"auto","background-attachment":"scroll","background-type":"","background-media":"","overlay-type":"","overlay-color":"","overlay-opacity":"","overlay-gradient":""}},"footnotes":""},"class_list":["post-202","page","type-page","status-publish","hentry"],"yoast_head":"<!-- This site is optimized with the Yoast SEO plugin v27.5 - https:\/\/yoast.com\/product\/yoast-seo-wordpress\/ -->\n<title>Ateliers de lithoth\u00e9rapie et bien\u2011\u00eatre \u00e0 Tournefeuille<\/title>\n<meta name=\"description\" content=\"D\u00e9couvrez les ateliers de lithoth\u00e9rapie et bien\u2011\u00eatre organis\u00e9s par Au C\u0153ur de Ga\u00efa \u00e0 Tournefeuille. Ateliers \u00e0 venir et moments partag\u00e9s.\" \/>\n<meta name=\"robots\" content=\"index, follow, max-snippet:-1, max-image-preview:large, max-video-preview:-1\" \/>\n<link rel=\"canonical\" href=\"http:\/\/xn--aucoeurdegaa-tgb.fr\/index.php\/ateliers\/\" \/>\n<meta property=\"og:locale\" content=\"en_US\" \/>\n<meta property=\"og:type\" content=\"article\" \/>\n<meta property=\"og:title\" content=\"Ateliers de lithoth\u00e9rapie et bien\u2011\u00eatre \u00e0 Tournefeuille\" \/>\n<meta property=\"og:description\" content=\"D\u00e9couvrez les ateliers de lithoth\u00e9rapie et bien\u2011\u00eatre organis\u00e9s par Au C\u0153ur de Ga\u00efa \u00e0 Tournefeuille. Ateliers \u00e0 venir et moments partag\u00e9s.\" \/>\n<meta property=\"og:url\" content=\"http:\/\/xn--aucoeurdegaa-tgb.fr\/index.php\/ateliers\/\" \/>\n<meta property=\"og:site_name\" content=\"Au C\u0153ur De Ga\u00efa\" \/>\n<meta property=\"article:modified_time\" content=\"2026-04-22T12:41:00+00:00\" \/>\n<meta name=\"twitter:card\" content=\"summary_large_image\" \/>\n<meta name=\"twitter:label1\" content=\"Est. reading time\" \/>\n\t<meta name=\"twitter:data1\" content=\"1 minute\" \/>\n<script type=\"application\/ld+json\" class=\"yoast-schema-graph\">{\"@context\":\"https:\\\/\\\/schema.org\",\"@graph\":[{\"@type\":\"WebPage\",\"@id\":\"http:\\\/\\\/xn--aucoeurdegaa-tgb.fr\\\/index.php\\\/ateliers\\\/\",\"url\":\"http:\\\/\\\/xn--aucoeurdegaa-tgb.fr\\\/index.php\\\/ateliers\\\/\",\"name\":\"Ateliers de lithoth\u00e9rapie et bien\u2011\u00eatre \u00e0 Tournefeuille\",\"isPartOf\":{\"@id\":\"https:\\\/\\\/xn--aucoeurdegaa-tgb.fr\\\/#website\"},\"datePublished\":\"2026-02-20T14:55:13+00:00\",\"dateModified\":\"2026-04-22T12:41:00+00:00\",\"description\":\"D\u00e9couvrez les ateliers de lithoth\u00e9rapie et bien\u2011\u00eatre organis\u00e9s par Au C\u0153ur de Ga\u00efa \u00e0 Tournefeuille. Ateliers \u00e0 venir et moments partag\u00e9s.\",\"breadcrumb\":{\"@id\":\"http:\\\/\\\/xn--aucoeurdegaa-tgb.fr\\\/index.php\\\/ateliers\\\/#breadcrumb\"},\"inLanguage\":\"en-US\",\"potentialAction\":[{\"@type\":\"ReadAction\",\"target\":[\"http:\\\/\\\/xn--aucoeurdegaa-tgb.fr\\\/index.php\\\/ateliers\\\/\"]}]},{\"@type\":\"BreadcrumbList\",\"@id\":\"http:\\\/\\\/xn--aucoeurdegaa-tgb.fr\\\/index.php\\\/ateliers\\\/#breadcrumb\",\"itemListElement\":[{\"@type\":\"ListItem\",\"position\":1,\"name\":\"Home\",\"item\":\"http:\\\/\\\/xn--aucoeurdegaa-tgb.fr\\\/\"},{\"@type\":\"ListItem\",\"position\":2,\"name\":\"Ateliers\"}]},{\"@type\":\"WebSite\",\"@id\":\"https:\\\/\\\/xn--aucoeurdegaa-tgb.fr\\\/#website\",\"url\":\"https:\\\/\\\/xn--aucoeurdegaa-tgb.fr\\\/\",\"name\":\"Au C\u0153ur De Ga\u00efa\",\"description\":\"\",\"potentialAction\":[{\"@type\":\"SearchAction\",\"target\":{\"@type\":\"EntryPoint\",\"urlTemplate\":\"https:\\\/\\\/xn--aucoeurdegaa-tgb.fr\\\/?s={search_term_string}\"},\"query-input\":{\"@type\":\"PropertyValueSpecification\",\"valueRequired\":true,\"valueName\":\"search_term_string\"}}],\"inLanguage\":\"en-US\"}]}<\/script>\n<!-- \/ Yoast SEO plugin. -->","yoast_head_json":{"title":"Ateliers de lithoth\u00e9rapie et bien\u2011\u00eatre \u00e0 Tournefeuille","description":"D\u00e9couvrez les ateliers de lithoth\u00e9rapie et bien\u2011\u00eatre organis\u00e9s par Au C\u0153ur de Ga\u00efa \u00e0 Tournefeuille. Ateliers \u00e0 venir et moments partag\u00e9s.","robots":{"index":"index","follow":"follow","max-snippet":"max-snippet:-1","max-image-preview":"max-image-preview:large","max-video-preview":"max-video-preview:-1"},"canonical":"http:\/\/xn--aucoeurdegaa-tgb.fr\/index.php\/ateliers\/","og_locale":"en_US","og_type":"article","og_title":"Ateliers de lithoth\u00e9rapie et bien\u2011\u00eatre \u00e0 Tournefeuille","og_description":"D\u00e9couvrez les ateliers de lithoth\u00e9rapie et bien\u2011\u00eatre organis\u00e9s par Au C\u0153ur de Ga\u00efa \u00e0 Tournefeuille. Ateliers \u00e0 venir et moments partag\u00e9s.","og_url":"http:\/\/xn--aucoeurdegaa-tgb.fr\/index.php\/ateliers\/","og_site_name":"Au C\u0153ur De Ga\u00efa","article_modified_time":"2026-04-22T12:41:00+00:00","twitter_card":"summary_large_image","twitter_misc":{"Est. reading time":"1 minute"},"schema":{"@context":"https:\/\/schema.org","@graph":[{"@type":"WebPage","@id":"http:\/\/xn--aucoeurdegaa-tgb.fr\/index.php\/ateliers\/","url":"http:\/\/xn--aucoeurdegaa-tgb.fr\/index.php\/ateliers\/","name":"Ateliers de lithoth\u00e9rapie et bien\u2011\u00eatre \u00e0 Tournefeuille","isPartOf":{"@id":"https:\/\/xn--aucoeurdegaa-tgb.fr\/#website"},"datePublished":"2026-02-20T14:55:13+00:00","dateModified":"2026-04-22T12:41:00+00:00","description":"D\u00e9couvrez les ateliers de lithoth\u00e9rapie et bien\u2011\u00eatre organis\u00e9s par Au C\u0153ur de Ga\u00efa \u00e0 Tournefeuille. Ateliers \u00e0 venir et moments partag\u00e9s.","breadcrumb":{"@id":"http:\/\/xn--aucoeurdegaa-tgb.fr\/index.php\/ateliers\/#breadcrumb"},"inLanguage":"en-US","potentialAction":[{"@type":"ReadAction","target":["http:\/\/xn--aucoeurdegaa-tgb.fr\/index.php\/ateliers\/"]}]},{"@type":"BreadcrumbList","@id":"http:\/\/xn--aucoeurdegaa-tgb.fr\/index.php\/ateliers\/#breadcrumb","itemListElement":[{"@type":"ListItem","position":1,"name":"Home","item":"http:\/\/xn--aucoeurdegaa-tgb.fr\/"},{"@type":"ListItem","position":2,"name":"Ateliers"}]},{"@type":"WebSite","@id":"https:\/\/xn--aucoeurdegaa-tgb.fr\/#website","url":"https:\/\/xn--aucoeurdegaa-tgb.fr\/","name":"Au C\u0153ur De Ga\u00efa","description":"","potentialAction":[{"@type":"SearchAction","target":{"@type":"EntryPoint","urlTemplate":"https:\/\/xn--aucoeurdegaa-tgb.fr\/?s={search_term_string}"},"query-input":{"@type":"PropertyValueSpecification","valueRequired":true,"valueName":"search_term_string"}}],"inLanguage":"en-US"}]}},"_links":{"self":[{"href":"https:\/\/xn--aucoeurdegaa-tgb.fr\/index.php\/wp-json\/wp\/v2\/pages\/202","targetHints":{"allow":["GET"]}}],"collection":[{"href":"https:\/\/xn--aucoeurdegaa-tgb.fr\/index.php\/wp-json\/wp\/v2\/pages"}],"about":[{"href":"https:\/\/xn--aucoeurdegaa-tgb.fr\/index.php\/wp-json\/wp\/v2\/types\/page"}],"author":[{"embeddable":true,"href":"https:\/\/xn--aucoeurdegaa-tgb.fr\/index.php\/wp-json\/wp\/v2\/users\/1"}],"replies":[{"embeddable":true,"href":"https:\/\/xn--aucoeurdegaa-tgb.fr\/index.php\/wp-json\/wp\/v2\/comments?post=202"}],"version-history":[{"count":25,"href":"https:\/\/xn--aucoeurdegaa-tgb.fr\/index.php\/wp-json\/wp\/v2\/pages\/202\/revisions"}],"predecessor-version":[{"id":434,"href":"https:\/\/xn--aucoeurdegaa-tgb.fr\/index.php\/wp-json\/wp\/v2\/pages\/202\/revisions\/434"}],"wp:attachment":[{"href":"https:\/\/xn--aucoeurdegaa-tgb.fr\/index.php\/wp-json\/wp\/v2\/media?parent=202"}],"curies":[{"name":"wp","href":"https:\/\/api.w.org\/{rel}","templated":true}]}}